{"id":1071,"date":"2025-08-02T14:04:31","date_gmt":"2025-08-02T12:04:31","guid":{"rendered":"https:\/\/speinshart.ai\/?page_id=1071"},"modified":"2025-09-11T11:05:55","modified_gmt":"2025-09-11T09:05:55","slug":"meet-the-team","status":"publish","type":"page","link":"https:\/\/speinshart.ai\/de\/meet-the-team\/","title":{"rendered":"Treffen Sie das Team"},"content":{"rendered":"<div data-elementor-type=\"wp-page\" data-elementor-id=\"1071\" class=\"elementor elementor-1071\" data-elementor-post-type=\"page\">\n\t\t\t\t<div class=\"elementor-element elementor-element-8b56573 e-flex e-con-boxed e-con e-parent\" data-id=\"8b56573\" data-element_type=\"container\" data-settings=\"{&quot;background_background&quot;:&quot;classic&quot;}\">\n\t\t\t\t\t<div class=\"e-con-inner\">\n\t\t\t\t<div class=\"elementor-element elementor-element-76a9c4c elementor-widget__width-initial elementor-widget elementor-widget-heading\" data-id=\"76a9c4c\" data-element_type=\"widget\" data-widget_type=\"heading.default\">\n\t\t\t\t<div class=\"elementor-widget-container\">\n\t\t\t\t\t<h2 class=\"elementor-heading-title elementor-size-default\">Ein Team mit Vision \u2013 gemeinsam gestalten wir die Zukunft von Forschung, KI und SuperTech in Speinshart<\/h2>\t\t\t\t<\/div>\n\t\t\t\t<\/div>\n\t\t\t\t<div class=\"elementor-element elementor-element-19858b5 elementor-widget__width-initial elementor-widget elementor-widget-text-editor\" data-id=\"19858b5\" data-element_type=\"widget\" data-widget_type=\"text-editor.default\">\n\t\t\t\t<div class=\"elementor-widget-container\">\n\t\t\t\t\t\t\t\t\t<p>Treffen Sie das Team<\/p>\t\t\t\t\t\t\t\t<\/div>\n\t\t\t\t<\/div>\n\t\t\t\t\t<\/div>\n\t\t\t\t<\/div>\n\t\t<div class=\"elementor-element elementor-element-8d46e8a e-flex e-con-boxed e-con e-parent\" data-id=\"8d46e8a\" data-element_type=\"container\" data-settings=\"{&quot;background_background&quot;:&quot;classic&quot;}\">\n\t\t\t\t\t<div class=\"e-con-inner\">\n\t\t\t\t<div class=\"elementor-element elementor-element-9ffd8ea elementor-widget__width-initial elementor-widget elementor-widget-heading\" data-id=\"9ffd8ea\" data-element_type=\"widget\" data-widget_type=\"heading.default\">\n\t\t\t\t<div class=\"elementor-widget-container\">\n\t\t\t\t\t<h2 class=\"elementor-heading-title elementor-size-default\">Wissenschaft lebt vom Austausch und die besten Ideen entstehen in starken Teams<\/h2>\t\t\t\t<\/div>\n\t\t\t\t<\/div>\n\t\t<div class=\"elementor-element elementor-element-92148af e-con-full e-flex e-con e-child\" data-id=\"92148af\" data-element_type=\"container\">\n\t\t\t\t<div class=\"elementor-element elementor-element-41f4afe elementor-widget__width-initial elementor-widget elementor-widget-text-editor\" data-id=\"41f4afe\" data-element_type=\"widget\" data-widget_type=\"text-editor.default\">\n\t\t\t\t<div class=\"elementor-widget-container\">\n\t\t\t\t\t\t\t\t\t<p style=\"font-weight: 400;\"><strong>Das Speinshart Scientific Center for AI and SuperTech bringt Menschen zusammen, die gemeinsam die Zukunft gestalten. Hier trifft technologische Spitzenforschung auf historisch gewachsene Perspektiven, Innovationskraft auf tiefes Verst\u00e4ndnis f\u00fcr gesellschaftlichen Wandel.<\/strong><\/p><p style=\"font-weight: 400;\">An der Spitze dieses einzigartigen Wissenschaftszentrums steht ein F\u00fchrungsduo, das sich ideal erg\u00e4nzt.<\/p>\t\t\t\t\t\t\t\t<\/div>\n\t\t\t\t<\/div>\n\t\t\t\t<div class=\"elementor-element elementor-element-8e41cbd elementor-widget__width-initial elementor-widget elementor-widget-text-editor\" data-id=\"8e41cbd\" data-element_type=\"widget\" data-widget_type=\"text-editor.default\">\n\t\t\t\t<div class=\"elementor-widget-container\">\n\t\t\t\t\t\t\t\t\t<p style=\"font-weight: 400;\">Da ist einerseits <strong>Prof. Dr. G\u00fcnter Leugering<\/strong>, ein international renommierter Mathematiker und Experte f\u00fcr angewandte Optimierung, der wissenschaftliche Exzellenz mit jahrzehntelanger Erfahrung in der strategischen Forschung vereint.<\/p><p style=\"font-weight: 400;\">Und andererseits <strong>Dr. Adrian Ro\u00dfner<\/strong>, ein Historiker mit einem besonderen Gesp\u00fcr f\u00fcr Strukturwandel und Innovationsgeschichte, der Br\u00fccken zwischen Vergangenheit und Zukunft schl\u00e4gt und die operative Leitung des Zentrums verantwortet. Gemeinsam schaffen sie in Speinshart einen Ort, an dem vision\u00e4re Forschung in einem inspirierenden Umfeld gedeihen kann.<\/p><p style=\"font-weight: 400;\">Ihr Ziel ist es, ein interdisziplin\u00e4res Zentrum f\u00fcr KI und SuperTech aufzubauen, das Wissenschaftler, Unternehmer und kreative K\u00f6pfe aus aller Welt zusammenbringt, um den Austausch zu diesen Themen auf h\u00f6chstem Niveau zu f\u00f6rdern.<\/p><p style=\"font-weight: 400;\">W\u00e4hrend Speinshart heute bereits als Plattform f\u00fcr bahnbrechende Diskussionen und Sommercamps dient, wird das Zentrum in den kommenden Jahren mit modernen Forschungslaboren weiter ausgebaut, um Speinshart als weltweit f\u00fchrendes Wissenschaftszentrum in diesem Bereich zu etablieren \u2013 ein Ort, an dem die kl\u00fcgsten K\u00f6pfe zusammenkommen, um Zukunftstechnologien mit Weitblick und gesellschaftlicher Verantwortung zu entwickeln.<\/p><p><span style=\"font-weight: 400;\">Lernen Sie das Team kennen, das Speinshart zu einem einzigartigen Ort des Denkens macht.<\/span><\/p>\t\t\t\t\t\t\t\t<\/div>\n\t\t\t\t<\/div>\n\t\t\t\t<\/div>\n\t\t\t\t\t<\/div>\n\t\t\t\t<\/div>\n\t\t<div class=\"elementor-element elementor-element-3fb599d e-flex e-con-boxed e-con e-parent\" data-id=\"3fb599d\" data-element_type=\"container\" data-settings=\"{&quot;background_background&quot;:&quot;classic&quot;}\">\n\t\t\t\t\t<div class=\"e-con-inner\">\n\t\t<div class=\"elementor-element elementor-element-b3d567e e-con-full e-flex e-con e-child\" data-id=\"b3d567e\" data-element_type=\"container\" data-settings=\"{&quot;background_background&quot;:&quot;classic&quot;}\">\n\t\t\t\t<div class=\"elementor-element elementor-element-c1f5b4b elementor-widget elementor-widget-heading\" data-id=\"c1f5b4b\" data-element_type=\"widget\" data-widget_type=\"heading.default\">\n\t\t\t\t<div class=\"elementor-widget-container\">\n\t\t\t\t\t<h2 class=\"elementor-heading-title elementor-size-default\">F\u00fchrungsduo: Wissenschaft und Strategie in perfektem Gleichgewicht<\/h2>\t\t\t\t<\/div>\n\t\t\t\t<\/div>\n\t\t\t\t<div class=\"elementor-element elementor-element-99a6dfe elementor-widget elementor-widget-text-editor\" data-id=\"99a6dfe\" data-element_type=\"widget\" data-widget_type=\"text-editor.default\">\n\t\t\t\t<div class=\"elementor-widget-container\">\n\t\t\t\t\t\t\t\t\t<p>Prof. Dr. <br \/>G\u00fcnter Leugering<\/p>\t\t\t\t\t\t\t\t<\/div>\n\t\t\t\t<\/div>\n\t\t\t\t<div class=\"elementor-element elementor-element-44ea106 elementor-widget elementor-widget-text-editor\" data-id=\"44ea106\" data-element_type=\"widget\" data-widget_type=\"text-editor.default\">\n\t\t\t\t<div class=\"elementor-widget-container\">\n\t\t\t\t\t\t\t\t\t<p><b>Scientific Director<\/b><\/p>\t\t\t\t\t\t\t\t<\/div>\n\t\t\t\t<\/div>\n\t\t\t\t<\/div>\n\t\t<div class=\"elementor-element elementor-element-c755886 e-con-full e-flex e-con e-child\" data-id=\"c755886\" data-element_type=\"container\">\n\t\t\t\t<div class=\"elementor-element elementor-element-e342138 elementor-widget elementor-widget-text-editor\" data-id=\"e342138\" data-element_type=\"widget\" data-widget_type=\"text-editor.default\">\n\t\t\t\t<div class=\"elementor-widget-container\">\n\t\t\t\t\t\t\t\t\t<p style=\"font-weight: 400;\"><strong>Prof. Dr. G\u00fcnter Leugering ist ein international f\u00fchrender Mathematiker mit Schwerpunkt auf Optimierung und Modellierung.<\/strong> Als ehemaliger Vizepr\u00e4sident der Universit\u00e4t Erlangen-N\u00fcrnberg bringt er jahrzehntelange Erfahrung in der strategischen Forschung und universit\u00e4ren F\u00fchrung mit. Seine Arbeit verbindet mathematische Exzellenz mit praxisnahen Anwendungen, insbesondere in den Bereichen KI und SuperTech. In Speinshart leitet er die wissenschaftliche Ausrichtung und sorgt daf\u00fcr, dass das Zentrum international als f\u00fchrender Innovationsstandort wahrgenommen wird.<\/p>\t\t\t\t\t\t\t\t<\/div>\n\t\t\t\t<\/div>\n\t\t\t\t<div class=\"elementor-element elementor-element-fbd7256 sp-arrow-button elementor-button-info elementor-widget elementor-widget-button\" data-id=\"fbd7256\" data-element_type=\"widget\" data-widget_type=\"button.default\">\n\t\t\t\t<div class=\"elementor-widget-container\">\n\t\t\t\t\t\t\t\t\t<div class=\"elementor-button-wrapper\">\n\t\t\t\t\t<a class=\"elementor-button elementor-button-link elementor-size-sm\" href=\"mailto:guenter.leugering@speinshart.ai\">\n\t\t\t\t\t\t<span class=\"elementor-button-content-wrapper\">\n\t\t\t\t\t\t\t\t\t<span class=\"elementor-button-text\">E-Mail: g.leugering@speinshart.ai<\/span>\n\t\t\t\t\t<\/span>\n\t\t\t\t\t<\/a>\n\t\t\t\t<\/div>\n\t\t\t\t\t\t\t\t<\/div>\n\t\t\t\t<\/div>\n\t\t\t\t<div class=\"elementor-element elementor-element-80b2b6c sp-arrow-button elementor-button-info elementor-widget elementor-widget-button\" data-id=\"80b2b6c\" data-element_type=\"widget\" data-widget_type=\"button.default\">\n\t\t\t\t<div class=\"elementor-widget-container\">\n\t\t\t\t\t\t\t\t\t<div class=\"elementor-button-wrapper\">\n\t\t\t\t\t<a class=\"elementor-button elementor-button-link elementor-size-sm\" href=\"https:\/\/www.linkedin.com\/in\/gnter-leugering-97173364\">\n\t\t\t\t\t\t<span class=\"elementor-button-content-wrapper\">\n\t\t\t\t\t\t\t\t\t<span class=\"elementor-button-text\">LinkedIn: Prof. Dr. G\u00fcnter Leugering<\/span>\n\t\t\t\t\t<\/span>\n\t\t\t\t\t<\/a>\n\t\t\t\t<\/div>\n\t\t\t\t\t\t\t\t<\/div>\n\t\t\t\t<\/div>\n\t\t\t\t<div class=\"elementor-element elementor-element-4013707 sp-arrow-button elementor-button-info elementor-widget elementor-widget-button\" data-id=\"4013707\" data-element_type=\"widget\" data-widget_type=\"button.default\">\n\t\t\t\t<div class=\"elementor-widget-container\">\n\t\t\t\t\t\t\t\t\t<div class=\"elementor-button-wrapper\">\n\t\t\t\t\t<a class=\"elementor-button elementor-button-link elementor-size-sm\" href=\"https:\/\/www.researchgate.net\/profile\/Guenter-Leugering\">\n\t\t\t\t\t\t<span class=\"elementor-button-content-wrapper\">\n\t\t\t\t\t\t\t\t\t<span class=\"elementor-button-text\">ResearchGate: Prof. Dr. G\u00fcnter Leugering<\/span>\n\t\t\t\t\t<\/span>\n\t\t\t\t\t<\/a>\n\t\t\t\t<\/div>\n\t\t\t\t\t\t\t\t<\/div>\n\t\t\t\t<\/div>\n\t\t\t\t<\/div>\n\t\t\t\t\t<\/div>\n\t\t\t\t<\/div>\n\t\t<div class=\"elementor-element elementor-element-b516bd1 e-flex e-con-boxed e-con e-parent\" data-id=\"b516bd1\" data-element_type=\"container\" data-settings=\"{&quot;background_background&quot;:&quot;classic&quot;}\">\n\t\t\t\t\t<div class=\"e-con-inner\">\n\t\t<div class=\"elementor-element elementor-element-a5c1da2 e-con-full e-flex e-con e-child\" data-id=\"a5c1da2\" data-element_type=\"container\" data-settings=\"{&quot;background_background&quot;:&quot;classic&quot;}\">\n\t\t\t\t<div class=\"elementor-element elementor-element-d1328ee elementor-widget elementor-widget-text-editor\" data-id=\"d1328ee\" data-element_type=\"widget\" data-widget_type=\"text-editor.default\">\n\t\t\t\t<div class=\"elementor-widget-container\">\n\t\t\t\t\t\t\t\t\t<p>Dr. Adrian Ro\u00dfner<\/p>\t\t\t\t\t\t\t\t<\/div>\n\t\t\t\t<\/div>\n\t\t\t\t<div class=\"elementor-element elementor-element-b1ef258 elementor-widget elementor-widget-text-editor\" data-id=\"b1ef258\" data-element_type=\"widget\" data-widget_type=\"text-editor.default\">\n\t\t\t\t<div class=\"elementor-widget-container\">\n\t\t\t\t\t\t\t\t\t<p><b>CEO<\/b><\/p>\t\t\t\t\t\t\t\t<\/div>\n\t\t\t\t<\/div>\n\t\t\t\t<\/div>\n\t\t<div class=\"elementor-element elementor-element-527feb2 e-con-full e-flex e-con e-child\" data-id=\"527feb2\" data-element_type=\"container\">\n\t\t\t\t<div class=\"elementor-element elementor-element-4d57014 elementor-widget elementor-widget-text-editor\" data-id=\"4d57014\" data-element_type=\"widget\" data-widget_type=\"text-editor.default\">\n\t\t\t\t<div class=\"elementor-widget-container\">\n\t\t\t\t\t\t\t\t\t<p style=\"font-weight: 400;\"><strong>Dr. Adrian Ro\u00dfner ist Historiker und Anglist mit besonderem Fokus auf Strukturwandel und Industrialisierung.<\/strong> Nach seinem Studium an der Universit\u00e4t Bayreuth promovierte er am Institut f\u00fcr Fr\u00e4nkische Landesgeschichte zur wirtschaftlichen und sozialen Entwicklung der Region M\u00fcnchberg w\u00e4hrend der Hochphase der Industrialisierung. Nach mehreren Jahren als wissenschaftlicher Mitarbeiter und Projektkoordinator im Bereich Lehrerbildung und historische Forschung \u00fcbernahm er 2024 die Leitung des Wissenschaftszentrums in Speinshart. Seit November 2024 ist er CEO des Speinshart Scientific Center for AI and SuperTech und treibt dessen strategische Entwicklung voran.<\/p>\t\t\t\t\t\t\t\t<\/div>\n\t\t\t\t<\/div>\n\t\t\t\t<div class=\"elementor-element elementor-element-b0d40e5 sp-arrow-button elementor-button-info elementor-widget elementor-widget-button\" data-id=\"b0d40e5\" data-element_type=\"widget\" data-widget_type=\"button.default\">\n\t\t\t\t<div class=\"elementor-widget-container\">\n\t\t\t\t\t\t\t\t\t<div class=\"elementor-button-wrapper\">\n\t\t\t\t\t<a class=\"elementor-button elementor-button-link elementor-size-sm\" href=\"mailto:a.rossner@speinshart.ai\">\n\t\t\t\t\t\t<span class=\"elementor-button-content-wrapper\">\n\t\t\t\t\t\t\t\t\t<span class=\"elementor-button-text\">E-Mail: a.rossner@speinshart.ai<\/span>\n\t\t\t\t\t<\/span>\n\t\t\t\t\t<\/a>\n\t\t\t\t<\/div>\n\t\t\t\t\t\t\t\t<\/div>\n\t\t\t\t<\/div>\n\t\t\t\t<div class=\"elementor-element elementor-element-5c90774 sp-arrow-button elementor-button-info elementor-widget elementor-widget-button\" data-id=\"5c90774\" data-element_type=\"widget\" data-widget_type=\"button.default\">\n\t\t\t\t<div class=\"elementor-widget-container\">\n\t\t\t\t\t\t\t\t\t<div class=\"elementor-button-wrapper\">\n\t\t\t\t\t<a class=\"elementor-button elementor-button-link elementor-size-sm\" href=\"https:\/\/www.linkedin.com\/in\/adrian-rossner\">\n\t\t\t\t\t\t<span class=\"elementor-button-content-wrapper\">\n\t\t\t\t\t\t\t\t\t<span class=\"elementor-button-text\">LinkedIn: Dr. Adrian Ro\u00dfner<\/span>\n\t\t\t\t\t<\/span>\n\t\t\t\t\t<\/a>\n\t\t\t\t<\/div>\n\t\t\t\t\t\t\t\t<\/div>\n\t\t\t\t<\/div>\n\t\t\t\t<\/div>\n\t\t\t\t\t<\/div>\n\t\t\t\t<\/div>\n\t\t\t\t<\/div>","protected":false},"excerpt":{"rendered":"<p>A team with vision \u2013 driving the future of research, AI and SuperTech at Speinshart Meet the team Science thrives on interaction \u2013 and the best ideas emerge in strong teams. The Speinshart Scientific Center for AI and SuperTech brings together people who shape the future. Here, technological excellence meets historically rooted perspectives, and innovation [&hellip;]<\/p>","protected":false},"author":1,"featured_media":0,"parent":0,"menu_order":0,"comment_status":"closed","ping_status":"closed","template":"","meta":{"_acf_changed":false,"footnotes":""},"class_list":["post-1071","page","type-page","status-publish","hentry"],"acf":[],"_links":{"self":[{"href":"https:\/\/speinshart.ai\/de\/wp-json\/wp\/v2\/pages\/1071","targetHints":{"allow":["GET"]}}],"collection":[{"href":"https:\/\/speinshart.ai\/de\/wp-json\/wp\/v2\/pages"}],"about":[{"href":"https:\/\/speinshart.ai\/de\/wp-json\/wp\/v2\/types\/page"}],"author":[{"embeddable":true,"href":"https:\/\/speinshart.ai\/de\/wp-json\/wp\/v2\/users\/1"}],"replies":[{"embeddable":true,"href":"https:\/\/speinshart.ai\/de\/wp-json\/wp\/v2\/comments?post=1071"}],"version-history":[{"count":85,"href":"https:\/\/speinshart.ai\/de\/wp-json\/wp\/v2\/pages\/1071\/revisions"}],"predecessor-version":[{"id":3168,"href":"https:\/\/speinshart.ai\/de\/wp-json\/wp\/v2\/pages\/1071\/revisions\/3168"}],"wp:attachment":[{"href":"https:\/\/speinshart.ai\/de\/wp-json\/wp\/v2\/media?parent=1071"}],"curies":[{"name":"wp","href":"https:\/\/api.w.org\/{rel}","templated":true}]}}