{"id":1269,"date":"2025-08-02T20:46:43","date_gmt":"2025-08-02T18:46:43","guid":{"rendered":"https:\/\/speinshart.ai\/?page_id=1269"},"modified":"2025-09-12T10:35:31","modified_gmt":"2025-09-12T08:35:31","slug":"speinshart-the-abbey","status":"publish","type":"page","link":"https:\/\/speinshart.ai\/de\/speinshart-the-abbey\/","title":{"rendered":"Speinshart - das Kloster"},"content":{"rendered":"<div data-elementor-type=\"wp-page\" data-elementor-id=\"1269\" class=\"elementor elementor-1269\" data-elementor-post-type=\"page\">\n\t\t\t\t<div class=\"elementor-element elementor-element-8b56573 e-flex e-con-boxed e-con e-parent\" data-id=\"8b56573\" data-element_type=\"container\" data-settings=\"{&quot;background_background&quot;:&quot;classic&quot;}\">\n\t\t\t\t\t<div class=\"e-con-inner\">\n\t\t\t\t<div class=\"elementor-element elementor-element-76a9c4c elementor-widget__width-initial elementor-widget elementor-widget-heading\" data-id=\"76a9c4c\" data-element_type=\"widget\" data-widget_type=\"heading.default\">\n\t\t\t\t<div class=\"elementor-widget-container\">\n\t\t\t\t\t<h1 class=\"elementor-heading-title elementor-size-default\">Wo Geschichte lebt \u2013 das Kloster Speinshart als Ort f\u00fcr Kultur, Spiritualit\u00e4t und wissenschaftlichen Austausch<\/h1>\t\t\t\t<\/div>\n\t\t\t\t<\/div>\n\t\t\t\t<div class=\"elementor-element elementor-element-19858b5 elementor-widget__width-initial elementor-widget elementor-widget-text-editor\" data-id=\"19858b5\" data-element_type=\"widget\" data-widget_type=\"text-editor.default\">\n\t\t\t\t<div class=\"elementor-widget-container\">\n\t\t\t\t\t\t\t\t\t<p>Speinshart \u2013 wo Wissen auf morgen trifft<\/p>\t\t\t\t\t\t\t\t<\/div>\n\t\t\t\t<\/div>\n\t\t\t\t<div class=\"elementor-element elementor-element-99e4a02 elementor-widget elementor-widget-text-editor\" data-id=\"99e4a02\" data-element_type=\"widget\" data-widget_type=\"text-editor.default\">\n\t\t\t\t<div class=\"elementor-widget-container\">\n\t\t\t\t\t\t\t\t\t<p>Ein Ort f\u00fcr vorausschauendes Denken<\/p>\t\t\t\t\t\t\t\t<\/div>\n\t\t\t\t<\/div>\n\t\t\t\t\t<\/div>\n\t\t\t\t<\/div>\n\t\t<div class=\"elementor-element elementor-element-8d46e8a e-flex e-con-boxed e-con e-parent\" data-id=\"8d46e8a\" data-element_type=\"container\" data-settings=\"{&quot;background_background&quot;:&quot;classic&quot;}\">\n\t\t\t\t\t<div class=\"e-con-inner\">\n\t\t\t\t<div class=\"elementor-element elementor-element-9ffd8ea elementor-widget__width-initial elementor-widget elementor-widget-heading\" data-id=\"9ffd8ea\" data-element_type=\"widget\" data-widget_type=\"heading.default\">\n\t\t\t\t<div class=\"elementor-widget-container\">\n\t\t\t\t\t<h2 class=\"elementor-heading-title elementor-size-default\">Die Urspr\u00fcnge des Klosters Speinshart reichen bis in die Mitte des 12. Jahrhunderts zur\u00fcck. <\/h2>\t\t\t\t<\/div>\n\t\t\t\t<\/div>\n\t\t<div class=\"elementor-element elementor-element-72e0b61 e-con-full e-flex e-con e-child\" data-id=\"72e0b61\" data-element_type=\"container\">\n\t\t\t\t<div class=\"elementor-element elementor-element-d41b395 elementor-widget__width-initial elementor-widget elementor-widget-text-editor\" data-id=\"d41b395\" data-element_type=\"widget\" data-widget_type=\"text-editor.default\">\n\t\t\t\t<div class=\"elementor-widget-container\">\n\t\t\t\t\t\t\t\t\t<p style=\"font-weight: 400;\"><strong>Der \u00dcberlieferung zufolge wurde das Kloster im Jahr 1145 gegr\u00fcndet durch Adelvolk von Reifenberg und seine Frau Richenza, gemeinsam mit den adeligen Br\u00fcdern Reinhold und Eberhard von Reifenberg. Die Stiftung wurde der Jungfrau Maria geweiht, dargestellt im Eingangsfresko der Klosterkirche, auf dem die Stifter ein Modell einer romanischen Basilika der Gottesmutter \u00fcberreichen.<\/strong><\/p>\t\t\t\t\t\t\t\t<\/div>\n\t\t\t\t<\/div>\n\t\t\t\t<div class=\"elementor-element elementor-element-b04d9e2 elementor-widget__width-initial elementor-widget elementor-widget-text-editor\" data-id=\"b04d9e2\" data-element_type=\"widget\" data-widget_type=\"text-editor.default\">\n\t\t\t\t<div class=\"elementor-widget-container\">\n\t\t\t\t\t\t\t\t\t<div><span lang=\"EN-US\">Die Gr\u00fcnder entstammten den Adelsgeschlechtern Ettlingen-Reifenberg-Walpot, deren Einfluss sich \u00fcber weite Teile des heutigen Nordbayern erstreckte. Von Anfang an wurde das neu gegr\u00fcndete Kloster dem Pr\u00e4monstratenserorden (Norbertiner) anvertraut, die ersten Chorherren kamen aus dem Stift Wilten in Innsbruck. Diese Verbindung zu Wilten blieb \u00fcber die gesamte Fr\u00fchzeit des Klosters hinweg bedeutend. Am 27. M\u00e4rz 1181 stellte Papst Alexander\u202fIII. Speinshart unter p\u00e4pstlichen Schutz \u2013 damit war die Abtei offiziell als pr\u00e4monstratensisches Kloster anerkannt.<\/span><\/div>\t\t\t\t\t\t\t\t<\/div>\n\t\t\t\t<\/div>\n\t\t\t\t<div class=\"elementor-element elementor-element-d165f41 elementor-widget__width-initial elementor-hidden-mobile elementor-widget elementor-widget-image\" data-id=\"d165f41\" data-element_type=\"widget\" data-widget_type=\"image.default\">\n\t\t\t\t<div class=\"elementor-widget-container\">\n\t\t\t\t\t\t\t\t\t\t\t\t<figure class=\"wp-caption\">\n\t\t\t\t\t\t\t\t\t\t<img fetchpriority=\"high\" decoding=\"async\" width=\"2160\" height=\"1344\" src=\"https:\/\/speinshart.ai\/wp-content\/uploads\/2025\/08\/8_Speinshart_the_abbey_Ideal_plan_from_1749@2x.jpg\" class=\"attachment-full size-full wp-image-1273\" alt=\"\" srcset=\"https:\/\/speinshart.ai\/wp-content\/uploads\/2025\/08\/8_Speinshart_the_abbey_Ideal_plan_from_1749@2x.jpg 2160w, https:\/\/speinshart.ai\/wp-content\/uploads\/2025\/08\/8_Speinshart_the_abbey_Ideal_plan_from_1749@2x-300x187.jpg 300w, https:\/\/speinshart.ai\/wp-content\/uploads\/2025\/08\/8_Speinshart_the_abbey_Ideal_plan_from_1749@2x-1024x637.jpg 1024w, https:\/\/speinshart.ai\/wp-content\/uploads\/2025\/08\/8_Speinshart_the_abbey_Ideal_plan_from_1749@2x-768x478.jpg 768w, https:\/\/speinshart.ai\/wp-content\/uploads\/2025\/08\/8_Speinshart_the_abbey_Ideal_plan_from_1749@2x-1536x956.jpg 1536w, https:\/\/speinshart.ai\/wp-content\/uploads\/2025\/08\/8_Speinshart_the_abbey_Ideal_plan_from_1749@2x-2048x1274.jpg 2048w\" sizes=\"(max-width: 2160px) 100vw, 2160px\" \/>\t\t\t\t\t\t\t\t\t\t\t<figcaption class=\"widget-image-caption wp-caption-text\"><b>Ideal plan<\/b> von 1749<\/figcaption>\n\t\t\t\t\t\t\t\t\t\t<\/figure>\n\t\t\t\t\t\t\t\t\t<\/div>\n\t\t\t\t<\/div>\n\t\t\t\t<div class=\"elementor-element elementor-element-58f57aa elementor-widget__width-initial elementor-hidden-desktop elementor-hidden-tablet elementor-widget elementor-widget-image\" data-id=\"58f57aa\" data-element_type=\"widget\" data-widget_type=\"image.default\">\n\t\t\t\t<div class=\"elementor-widget-container\">\n\t\t\t\t\t\t\t\t\t\t\t\t<figure class=\"wp-caption\">\n\t\t\t\t\t\t\t\t\t\t<img decoding=\"async\" width=\"860\" height=\"536\" src=\"https:\/\/speinshart.ai\/wp-content\/uploads\/2025\/09\/SSC_Abbey_Mobile_Plan.jpg\" class=\"attachment-full size-full wp-image-2916\" alt=\"\" srcset=\"https:\/\/speinshart.ai\/wp-content\/uploads\/2025\/09\/SSC_Abbey_Mobile_Plan.jpg 860w, https:\/\/speinshart.ai\/wp-content\/uploads\/2025\/09\/SSC_Abbey_Mobile_Plan-300x187.jpg 300w, https:\/\/speinshart.ai\/wp-content\/uploads\/2025\/09\/SSC_Abbey_Mobile_Plan-768x479.jpg 768w, https:\/\/speinshart.ai\/wp-content\/uploads\/2025\/09\/SSC_Abbey_Mobile_Plan-18x12.jpg 18w\" sizes=\"(max-width: 860px) 100vw, 860px\" \/>\t\t\t\t\t\t\t\t\t\t\t<figcaption class=\"widget-image-caption wp-caption-text\"><b>Ideal plan<\/b> von 1749<\/figcaption>\n\t\t\t\t\t\t\t\t\t\t<\/figure>\n\t\t\t\t\t\t\t\t\t<\/div>\n\t\t\t\t<\/div>\n\t\t\t\t<\/div>\n\t\t\t\t<div class=\"elementor-element elementor-element-fdeb1c6 elementor-widget__width-initial elementor-widget elementor-widget-text-editor\" data-id=\"fdeb1c6\" data-element_type=\"widget\" data-widget_type=\"text-editor.default\">\n\t\t\t\t<div class=\"elementor-widget-container\">\n\t\t\t\t\t\t\t\t\t<p>Im Laufe der folgenden Jahrhunderte gewann das Kloster Speinshart zunehmend an Bedeutung.<\/p>\t\t\t\t\t\t\t\t<\/div>\n\t\t\t\t<\/div>\n\t\t<div class=\"elementor-element elementor-element-92148af e-con-full e-flex e-con e-child\" data-id=\"92148af\" data-element_type=\"container\">\n\t\t\t\t<div class=\"elementor-element elementor-element-52e10a1 elementor-widget elementor-widget-text-editor\" data-id=\"52e10a1\" data-element_type=\"widget\" data-widget_type=\"text-editor.default\">\n\t\t\t\t<div class=\"elementor-widget-container\">\n\t\t\t\t\t\t\t\t\t<p style=\"font-weight: 400;\">Unter der Leitung von Propst Georg Ochs von Gunzendorf (1457\u20131505) erlebte das Kloster eine Bl\u00fctezeit. Im Jahr 1459 wurde es vom Generalkapitel des Pr\u00e4monstratenserordens zur Abtei erhoben und 1460 verlieh Papst Pius\u202fII. dem Abt die bisch\u00f6flichen Insignien \u2013 Ring, Stab und Mitra. In dieser Zeit \u00fcbernahm die Abtei auch eine zentrale Rolle in der Kirchenreform und wurde zum Mutterkloster f\u00fcr pr\u00e4montstratensische Kl\u00f6ster in B\u00f6hmen, Polen und Ungarn.<\/p>\t\t\t\t\t\t\t\t<\/div>\n\t\t\t\t<\/div>\n\t\t\t\t<div class=\"elementor-element elementor-element-20ff21f elementor-widget__width-initial elementor-widget elementor-widget-text-editor\" data-id=\"20ff21f\" data-element_type=\"widget\" data-widget_type=\"text-editor.default\">\n\t\t\t\t<div class=\"elementor-widget-container\">\n\t\t\t\t\t\t\t\t\t<p>Mit der Reformation jedoch begannen schwierige Jahre f\u00fcr Speinshart.<\/p>\t\t\t\t\t\t\t\t<\/div>\n\t\t\t\t<\/div>\n\t\t\t\t<div class=\"elementor-element elementor-element-59a4b2c elementor-widget elementor-widget-text-editor\" data-id=\"59a4b2c\" data-element_type=\"widget\" data-widget_type=\"text-editor.default\">\n\t\t\t\t<div class=\"elementor-widget-container\">\n\t\t\t\t\t\t\t\t\t<p style=\"font-weight: 400;\">Die Wahl von Johann von Egloffstein zum Abt im Jahr 1522 markierte den Beginn eines Niedergangs. Es traten keine neuen Mitglieder mehr ein und die wirtschaftliche Lage verschlechterte sich zunehmend.<\/p><p style=\"font-weight: 400;\">Mitte des 16. Jahrhunderts hatte sich die Reformation in der Region fest etabliert. Unter dem Druck des pf\u00e4lzischen Kurf\u00fcrsten wurden Abt Johann von Glei\u00dfenthal, seine Nachfolger und die verbliebene Klostergemeinschaft schrittweise in die evangelische Verwaltung integriert. 1556 war Speinshart de facto zu einer protestantischen Einrichtung geworden und die Verm\u00f6genswerte des Klosters gingen zunehmend in staatliche Hand \u00fcber. Die endg\u00fcltige formale Aufl\u00f6sung zog sich \u00fcber mehrere Jahrzehnte hin.<\/p><p><span style=\"font-weight: 400;\">Trotz der S\u00e4kularisierung bestand Speinshart nominell weiter \u2013 vor allem aus administrativen Gr\u00fcnden. Erst 1661, im Zuge der Gegenreformation und der R\u00fcckkehr katholischer Herrschaft in der Region, konnten die Pr\u00e4monstratenser zur\u00fcckkehren. Mit Unterst\u00fctzung des Kurf\u00fcrstentums Bayern wurde das Kloster neu gegr\u00fcndet und das kl\u00f6sterliche Leben kehrte Schritt f\u00fcr Schritt zur\u00fcck.<\/span><\/p>\t\t\t\t\t\t\t\t<\/div>\n\t\t\t\t<\/div>\n\t\t\t\t<\/div>\n\t\t\t\t\t<\/div>\n\t\t\t\t<\/div>\n\t\t<div class=\"elementor-element elementor-element-556e67b e-flex e-con-boxed e-con e-parent\" data-id=\"556e67b\" data-element_type=\"container\" data-settings=\"{&quot;background_background&quot;:&quot;classic&quot;}\">\n\t\t\t\t\t<div class=\"e-con-inner\">\n\t\t\t\t\t<\/div>\n\t\t\t\t<\/div>\n\t\t<div class=\"elementor-element elementor-element-cab8e01 e-flex e-con-boxed e-con e-parent\" data-id=\"cab8e01\" data-element_type=\"container\" data-settings=\"{&quot;background_background&quot;:&quot;classic&quot;}\">\n\t\t\t\t\t<div class=\"e-con-inner\">\n\t\t<div class=\"elementor-element elementor-element-23774c7 e-con-full e-flex e-con e-child\" data-id=\"23774c7\" data-element_type=\"container\">\n\t\t\t\t<div class=\"elementor-element elementor-element-3311156 elementor-widget__width-initial elementor-widget elementor-widget-text-editor\" data-id=\"3311156\" data-element_type=\"widget\" data-widget_type=\"text-editor.default\">\n\t\t\t\t<div class=\"elementor-widget-container\">\n\t\t\t\t\t\t\t\t\t<p>Das sp\u00e4te 17. und das 18. Jahrhundert waren von einer bemerkenswerten Erneuerung gepr\u00e4gt.<\/p>\t\t\t\t\t\t\t\t<\/div>\n\t\t\t\t<\/div>\n\t\t<div class=\"elementor-element elementor-element-65800c5 e-con-full e-flex e-con e-child\" data-id=\"65800c5\" data-element_type=\"container\">\n\t\t\t\t<div class=\"elementor-element elementor-element-97a6233 elementor-widget elementor-widget-text-editor\" data-id=\"97a6233\" data-element_type=\"widget\" data-widget_type=\"text-editor.default\">\n\t\t\t\t<div class=\"elementor-widget-container\">\n\t\t\t\t\t\t\t\t\t<p style=\"font-weight: 400;\"><strong>Mehrere \u00c4bte leiteten umfassende Bau- und Kunstprojekte, durch die das Kloster zu einem herausragenden Beispiel bayerischer Barockarchitektur wurde.<\/strong><\/p><p style=\"font-weight: 400;\">Abt Gottfried Blum (1691\u20131711) und seine Nachfolger \u2013 insbesondere Abt Dominikus I. von Lieblein (1734\u20131771) \u2013 pr\u00e4gten diese kulturelle Bl\u00fctezeit ma\u00dfgeblich. Die pr\u00e4chtige Klosterkirche mit ihren reich verzierten Fresken, Stuckarbeiten und Skulpturen zeugt bis heute vom Wohlstand und k\u00fcnstlerischen Anspruch dieser Epoche.<\/p><p style=\"font-weight: 400;\">Diese zweite Bl\u00fctezeit fand mit der S\u00e4kularisation Bayerns im Jahr 1803 ein j\u00e4hes Ende: Das Kloster wurde zum zweiten Mal aufgel\u00f6st, die Geb\u00e4ude gingen in staatlichen Besitz \u00fcber und das kl\u00f6sterliche Leben kam erneut zum Erliegen.<\/p>\t\t\t\t\t\t\t\t<\/div>\n\t\t\t\t<\/div>\n\t\t\t\t<div class=\"elementor-element elementor-element-18ae0f3 elementor-widget elementor-widget-text-editor\" data-id=\"18ae0f3\" data-element_type=\"widget\" data-widget_type=\"text-editor.default\">\n\t\t\t\t<div class=\"elementor-widget-container\">\n\t\t\t\t\t\t\t\t\t<p>Erst im 20. Jahrhundert erlebte Speinshart einen neuen Anfang.<\/p>\t\t\t\t\t\t\t\t<\/div>\n\t\t\t\t<\/div>\n\t\t\t\t<div class=\"elementor-element elementor-element-41c02b8 elementor-hidden-mobile elementor-widget elementor-widget-image\" data-id=\"41c02b8\" data-element_type=\"widget\" data-widget_type=\"image.default\">\n\t\t\t\t<div class=\"elementor-widget-container\">\n\t\t\t\t\t\t\t\t\t\t\t\t\t\t\t<img decoding=\"async\" width=\"800\" height=\"673\" src=\"https:\/\/speinshart.ai\/wp-content\/uploads\/2025\/08\/8_Speinshart_the_abbey_Bild_b@2x-1024x861.jpg\" class=\"attachment-large size-large wp-image-1271\" alt=\"\" srcset=\"\" sizes=\"(max-width: 800px) 100vw, 800px\" data-srcset=\"\" \/>\t\t\t\t\t\t\t\t\t\t\t\t\t\t\t<\/div>\n\t\t\t\t<\/div>\n\t\t\t\t<div class=\"elementor-element elementor-element-bab328f elementor-hidden-desktop elementor-hidden-tablet elementor-widget elementor-widget-image\" data-id=\"bab328f\" data-element_type=\"widget\" data-widget_type=\"image.default\">\n\t\t\t\t<div class=\"elementor-widget-container\">\n\t\t\t\t\t\t\t\t\t\t\t\t\t\t\t<img loading=\"lazy\" decoding=\"async\" width=\"800\" height=\"651\" src=\"https:\/\/speinshart.ai\/wp-content\/uploads\/2025\/09\/SSC_Abbey_Mobile_Visual_2.jpg\" class=\"attachment-large size-large wp-image-2925\" alt=\"\" srcset=\"https:\/\/speinshart.ai\/wp-content\/uploads\/2025\/09\/SSC_Abbey_Mobile_Visual_2.jpg 860w, https:\/\/speinshart.ai\/wp-content\/uploads\/2025\/09\/SSC_Abbey_Mobile_Visual_2-300x244.jpg 300w, https:\/\/speinshart.ai\/wp-content\/uploads\/2025\/09\/SSC_Abbey_Mobile_Visual_2-768x625.jpg 768w, https:\/\/speinshart.ai\/wp-content\/uploads\/2025\/09\/SSC_Abbey_Mobile_Visual_2-15x12.jpg 15w\" sizes=\"(max-width: 800px) 100vw, 800px\" \/>\t\t\t\t\t\t\t\t\t\t\t\t\t\t\t<\/div>\n\t\t\t\t<\/div>\n\t\t\t\t<\/div>\n\t\t\t\t<\/div>\n\t\t<div class=\"elementor-element elementor-element-0ddc92b e-con-full e-flex e-con e-child\" data-id=\"0ddc92b\" data-element_type=\"container\">\n\t\t\t\t<div class=\"elementor-element elementor-element-cb1f894 elementor-widget__width-initial elementor-widget elementor-widget-text-editor\" data-id=\"cb1f894\" data-element_type=\"widget\" data-widget_type=\"text-editor.default\">\n\t\t\t\t<div class=\"elementor-widget-container\">\n\t\t\t\t\t\t\t\t\t<p>Das Kloster erstrahlt in neuem Glanz.<\/p>\t\t\t\t\t\t\t\t<\/div>\n\t\t\t\t<\/div>\n\t\t<div class=\"elementor-element elementor-element-cbd2921 e-con-full e-flex e-con e-child\" data-id=\"cbd2921\" data-element_type=\"container\">\n\t\t\t\t<div class=\"elementor-element elementor-element-75d8c4e elementor-widget elementor-widget-text-editor\" data-id=\"75d8c4e\" data-element_type=\"widget\" data-widget_type=\"text-editor.default\">\n\t\t\t\t<div class=\"elementor-widget-container\">\n\t\t\t\t\t\t\t\t\t<p style=\"font-weight: 400;\">Nach langen Verhandlungen siedelten 1921 Pr\u00e4monstratenser aus dem Kloster Windberg nach Speinshart \u00fcber und 1923 wurde die Abtei offiziell wiederbegr\u00fcndet. In den folgenden Jahrzehnten baute die Gemeinschaft das Kloster sowohl geistlich als auch baulich wieder auf und begann schrittweise mit der Restaurierung der historischen Anlagen, darunter Kirche und Wohngeb\u00e4ude. Umfassende Sanierungsma\u00dfnahmen im sp\u00e4ten 20. und fr\u00fchen 21. Jahrhundert m\u00fcndeten 2017 in den Abschluss einer vollst\u00e4ndigen Renovierung.<\/p><p><span style=\"font-weight: 400;\">Heute ist das Kloster Speinshart erneut ein lebendiges Zentrum spirituellen Lebens, historischen Erbes sowie internationalen kulturellen und wissenschaftlichen Austauschs. <\/span><\/p>\t\t\t\t\t\t\t\t<\/div>\n\t\t\t\t<\/div>\n\t\t\t\t<\/div>\n\t\t\t\t<\/div>\n\t\t\t\t\t<\/div>\n\t\t\t\t<\/div>\n\t\t<div class=\"elementor-element elementor-element-76c51d6 e-con-full e-flex e-con e-parent\" data-id=\"76c51d6\" data-element_type=\"container\">\n\t\t\t\t<div class=\"elementor-element elementor-element-9a4bf47 elementor-widget elementor-widget-image\" data-id=\"9a4bf47\" data-element_type=\"widget\" data-widget_type=\"image.default\">\n\t\t\t\t<div class=\"elementor-widget-container\">\n\t\t\t\t\t\t\t\t\t\t\t\t\t\t\t<img loading=\"lazy\" decoding=\"async\" width=\"2560\" height=\"1280\" src=\"https:\/\/speinshart.ai\/wp-content\/uploads\/2025\/08\/SSC_Kloster_Speinshart_9832_hr-scaled.jpg\" class=\"attachment-full size-full wp-image-1280\" alt=\"\" srcset=\"https:\/\/speinshart.ai\/wp-content\/uploads\/2025\/08\/SSC_Kloster_Speinshart_9832_hr-scaled.jpg 2560w, https:\/\/speinshart.ai\/wp-content\/uploads\/2025\/08\/SSC_Kloster_Speinshart_9832_hr-300x150.jpg 300w, https:\/\/speinshart.ai\/wp-content\/uploads\/2025\/08\/SSC_Kloster_Speinshart_9832_hr-1024x512.jpg 1024w, https:\/\/speinshart.ai\/wp-content\/uploads\/2025\/08\/SSC_Kloster_Speinshart_9832_hr-768x384.jpg 768w, https:\/\/speinshart.ai\/wp-content\/uploads\/2025\/08\/SSC_Kloster_Speinshart_9832_hr-1536x768.jpg 1536w, https:\/\/speinshart.ai\/wp-content\/uploads\/2025\/08\/SSC_Kloster_Speinshart_9832_hr-2048x1024.jpg 2048w\" sizes=\"(max-width: 2560px) 100vw, 2560px\" \/>\t\t\t\t\t\t\t\t\t\t\t\t\t\t\t<\/div>\n\t\t\t\t<\/div>\n\t\t\t\t<div class=\"elementor-element elementor-element-0eda867 elementor-widget__width-initial elementor-widget elementor-widget-image\" data-id=\"0eda867\" data-element_type=\"widget\" data-widget_type=\"image.default\">\n\t\t\t\t<div class=\"elementor-widget-container\">\n\t\t\t\t\t\t\t\t\t\t\t\t\t\t\t<img loading=\"lazy\" decoding=\"async\" width=\"1440\" height=\"1440\" src=\"https:\/\/speinshart.ai\/wp-content\/uploads\/2025\/08\/Gruppe-5105.jpg\" class=\"attachment-full size-full wp-image-1275\" alt=\"\" srcset=\"https:\/\/speinshart.ai\/wp-content\/uploads\/2025\/08\/Gruppe-5105.jpg 1440w, https:\/\/speinshart.ai\/wp-content\/uploads\/2025\/08\/Gruppe-5105-300x300.jpg 300w, https:\/\/speinshart.ai\/wp-content\/uploads\/2025\/08\/Gruppe-5105-1024x1024.jpg 1024w, https:\/\/speinshart.ai\/wp-content\/uploads\/2025\/08\/Gruppe-5105-150x150.jpg 150w, https:\/\/speinshart.ai\/wp-content\/uploads\/2025\/08\/Gruppe-5105-768x768.jpg 768w\" sizes=\"(max-width: 1440px) 100vw, 1440px\" \/>\t\t\t\t\t\t\t\t\t\t\t\t\t\t\t<\/div>\n\t\t\t\t<\/div>\n\t\t\t\t<div class=\"elementor-element elementor-element-1c0ca9d elementor-widget__width-initial elementor-widget elementor-widget-image\" data-id=\"1c0ca9d\" data-element_type=\"widget\" data-widget_type=\"image.default\">\n\t\t\t\t<div class=\"elementor-widget-container\">\n\t\t\t\t\t\t\t\t\t\t\t\t\t\t\t<img loading=\"lazy\" decoding=\"async\" width=\"1440\" height=\"1440\" src=\"https:\/\/speinshart.ai\/wp-content\/uploads\/2025\/08\/SSC_Kloster_Moods_3246_hr.jpg\" class=\"attachment-full size-full wp-image-1277\" alt=\"\" srcset=\"https:\/\/speinshart.ai\/wp-content\/uploads\/2025\/08\/SSC_Kloster_Moods_3246_hr.jpg 1440w, https:\/\/speinshart.ai\/wp-content\/uploads\/2025\/08\/SSC_Kloster_Moods_3246_hr-300x300.jpg 300w, https:\/\/speinshart.ai\/wp-content\/uploads\/2025\/08\/SSC_Kloster_Moods_3246_hr-1024x1024.jpg 1024w, https:\/\/speinshart.ai\/wp-content\/uploads\/2025\/08\/SSC_Kloster_Moods_3246_hr-150x150.jpg 150w, https:\/\/speinshart.ai\/wp-content\/uploads\/2025\/08\/SSC_Kloster_Moods_3246_hr-768x768.jpg 768w\" sizes=\"(max-width: 1440px) 100vw, 1440px\" \/>\t\t\t\t\t\t\t\t\t\t\t\t\t\t\t<\/div>\n\t\t\t\t<\/div>\n\t\t\t\t<div class=\"elementor-element elementor-element-7643085 elementor-widget elementor-widget-image\" data-id=\"7643085\" data-element_type=\"widget\" data-widget_type=\"image.default\">\n\t\t\t\t<div class=\"elementor-widget-container\">\n\t\t\t\t\t\t\t\t\t\t\t\t\t\t\t<img loading=\"lazy\" decoding=\"async\" width=\"2560\" height=\"1280\" src=\"https:\/\/speinshart.ai\/wp-content\/uploads\/2025\/08\/SSC_Kloster_Moods_3239_hr-scaled.jpg\" class=\"attachment-full size-full wp-image-1276\" alt=\"\" srcset=\"https:\/\/speinshart.ai\/wp-content\/uploads\/2025\/08\/SSC_Kloster_Moods_3239_hr-scaled.jpg 2560w, https:\/\/speinshart.ai\/wp-content\/uploads\/2025\/08\/SSC_Kloster_Moods_3239_hr-300x150.jpg 300w, https:\/\/speinshart.ai\/wp-content\/uploads\/2025\/08\/SSC_Kloster_Moods_3239_hr-1024x512.jpg 1024w, https:\/\/speinshart.ai\/wp-content\/uploads\/2025\/08\/SSC_Kloster_Moods_3239_hr-768x384.jpg 768w, https:\/\/speinshart.ai\/wp-content\/uploads\/2025\/08\/SSC_Kloster_Moods_3239_hr-1536x768.jpg 1536w, https:\/\/speinshart.ai\/wp-content\/uploads\/2025\/08\/SSC_Kloster_Moods_3239_hr-2048x1024.jpg 2048w\" sizes=\"(max-width: 2560px) 100vw, 2560px\" \/>\t\t\t\t\t\t\t\t\t\t\t\t\t\t\t<\/div>\n\t\t\t\t<\/div>\n\t\t\t\t<div class=\"elementor-element elementor-element-51e6163 elementor-widget__width-initial elementor-widget elementor-widget-image\" data-id=\"51e6163\" data-element_type=\"widget\" data-widget_type=\"image.default\">\n\t\t\t\t<div class=\"elementor-widget-container\">\n\t\t\t\t\t\t\t\t\t\t\t\t\t\t\t<img loading=\"lazy\" decoding=\"async\" width=\"1440\" height=\"1440\" src=\"https:\/\/speinshart.ai\/wp-content\/uploads\/2025\/08\/SSC_Klostergarten_3253_hr.jpg\" class=\"attachment-full size-full wp-image-1281\" alt=\"\" srcset=\"https:\/\/speinshart.ai\/wp-content\/uploads\/2025\/08\/SSC_Klostergarten_3253_hr.jpg 1440w, https:\/\/speinshart.ai\/wp-content\/uploads\/2025\/08\/SSC_Klostergarten_3253_hr-300x300.jpg 300w, https:\/\/speinshart.ai\/wp-content\/uploads\/2025\/08\/SSC_Klostergarten_3253_hr-1024x1024.jpg 1024w, https:\/\/speinshart.ai\/wp-content\/uploads\/2025\/08\/SSC_Klostergarten_3253_hr-150x150.jpg 150w, https:\/\/speinshart.ai\/wp-content\/uploads\/2025\/08\/SSC_Klostergarten_3253_hr-768x768.jpg 768w\" sizes=\"(max-width: 1440px) 100vw, 1440px\" \/>\t\t\t\t\t\t\t\t\t\t\t\t\t\t\t<\/div>\n\t\t\t\t<\/div>\n\t\t\t\t<div class=\"elementor-element elementor-element-44e24f9 elementor-widget__width-initial elementor-widget elementor-widget-image\" data-id=\"44e24f9\" data-element_type=\"widget\" data-widget_type=\"image.default\">\n\t\t\t\t<div class=\"elementor-widget-container\">\n\t\t\t\t\t\t\t\t\t\t\t\t\t\t\t<img loading=\"lazy\" decoding=\"async\" width=\"1440\" height=\"1440\" src=\"https:\/\/speinshart.ai\/wp-content\/uploads\/2025\/08\/SSC_Kloster_Moods_3282_hr.jpg\" class=\"attachment-full size-full wp-image-1278\" alt=\"\" srcset=\"https:\/\/speinshart.ai\/wp-content\/uploads\/2025\/08\/SSC_Kloster_Moods_3282_hr.jpg 1440w, https:\/\/speinshart.ai\/wp-content\/uploads\/2025\/08\/SSC_Kloster_Moods_3282_hr-300x300.jpg 300w, https:\/\/speinshart.ai\/wp-content\/uploads\/2025\/08\/SSC_Kloster_Moods_3282_hr-1024x1024.jpg 1024w, https:\/\/speinshart.ai\/wp-content\/uploads\/2025\/08\/SSC_Kloster_Moods_3282_hr-150x150.jpg 150w, https:\/\/speinshart.ai\/wp-content\/uploads\/2025\/08\/SSC_Kloster_Moods_3282_hr-768x768.jpg 768w\" sizes=\"(max-width: 1440px) 100vw, 1440px\" \/>\t\t\t\t\t\t\t\t\t\t\t\t\t\t\t<\/div>\n\t\t\t\t<\/div>\n\t\t\t\t<div class=\"elementor-element elementor-element-33a24f1 elementor-widget elementor-widget-image\" data-id=\"33a24f1\" data-element_type=\"widget\" data-widget_type=\"image.default\">\n\t\t\t\t<div class=\"elementor-widget-container\">\n\t\t\t\t\t\t\t\t\t\t\t\t\t\t\t<img loading=\"lazy\" decoding=\"async\" width=\"2560\" height=\"1280\" src=\"https:\/\/speinshart.ai\/wp-content\/uploads\/2025\/08\/SSC_Kloster_Speinshart_0056_hr-scaled.jpg\" class=\"attachment-full size-full wp-image-1279\" alt=\"\" srcset=\"https:\/\/speinshart.ai\/wp-content\/uploads\/2025\/08\/SSC_Kloster_Speinshart_0056_hr-scaled.jpg 2560w, https:\/\/speinshart.ai\/wp-content\/uploads\/2025\/08\/SSC_Kloster_Speinshart_0056_hr-300x150.jpg 300w, https:\/\/speinshart.ai\/wp-content\/uploads\/2025\/08\/SSC_Kloster_Speinshart_0056_hr-1024x512.jpg 1024w, https:\/\/speinshart.ai\/wp-content\/uploads\/2025\/08\/SSC_Kloster_Speinshart_0056_hr-768x384.jpg 768w, https:\/\/speinshart.ai\/wp-content\/uploads\/2025\/08\/SSC_Kloster_Speinshart_0056_hr-1536x768.jpg 1536w, https:\/\/speinshart.ai\/wp-content\/uploads\/2025\/08\/SSC_Kloster_Speinshart_0056_hr-2048x1024.jpg 2048w\" sizes=\"(max-width: 2560px) 100vw, 2560px\" \/>\t\t\t\t\t\t\t\t\t\t\t\t\t\t\t<\/div>\n\t\t\t\t<\/div>\n\t\t\t\t<\/div>\n\t\t\t\t<\/div>","protected":false},"excerpt":{"rendered":"<p>Where history comes alive \u2013 Speinshart Monastery as a place for culture, spirituality, and academic discourse Speinshart \u2013 where knowledge meets tomorrow A place to think ahead The origins of Speinshart Monastery date back to the mid-12th century. According to tradition, the monastery was founded in 1145 by Adelvolk von Reifenberg and his wife Richenza, [&hellip;]<\/p>","protected":false},"author":1,"featured_media":0,"parent":0,"menu_order":0,"comment_status":"closed","ping_status":"closed","template":"","meta":{"_acf_changed":false,"footnotes":""},"class_list":["post-1269","page","type-page","status-publish","hentry"],"acf":[],"_links":{"self":[{"href":"https:\/\/speinshart.ai\/de\/wp-json\/wp\/v2\/pages\/1269","targetHints":{"allow":["GET"]}}],"collection":[{"href":"https:\/\/speinshart.ai\/de\/wp-json\/wp\/v2\/pages"}],"about":[{"href":"https:\/\/speinshart.ai\/de\/wp-json\/wp\/v2\/types\/page"}],"author":[{"embeddable":true,"href":"https:\/\/speinshart.ai\/de\/wp-json\/wp\/v2\/users\/1"}],"replies":[{"embeddable":true,"href":"https:\/\/speinshart.ai\/de\/wp-json\/wp\/v2\/comments?post=1269"}],"version-history":[{"count":61,"href":"https:\/\/speinshart.ai\/de\/wp-json\/wp\/v2\/pages\/1269\/revisions"}],"predecessor-version":[{"id":3213,"href":"https:\/\/speinshart.ai\/de\/wp-json\/wp\/v2\/pages\/1269\/revisions\/3213"}],"wp:attachment":[{"href":"https:\/\/speinshart.ai\/de\/wp-json\/wp\/v2\/media?parent=1269"}],"curies":[{"name":"wp","href":"https:\/\/api.w.org\/{rel}","templated":true}]}}