{"id":2329,"date":"2025-08-14T10:20:16","date_gmt":"2025-08-14T08:20:16","guid":{"rendered":"https:\/\/speinshart.ai\/?page_id=2329"},"modified":"2025-09-12T10:44:17","modified_gmt":"2025-09-12T08:44:17","slug":"terms-and-conditions","status":"publish","type":"page","link":"https:\/\/speinshart.ai\/de\/terms-and-conditions\/","title":{"rendered":"Terms and conditions"},"content":{"rendered":"<div data-elementor-type=\"wp-page\" data-elementor-id=\"2329\" class=\"elementor elementor-2329\" data-elementor-post-type=\"page\">\n\t\t\t\t<div class=\"elementor-element elementor-element-2463c29d e-flex e-con-boxed e-con e-parent\" data-id=\"2463c29d\" data-element_type=\"container\" data-settings=\"{&quot;background_background&quot;:&quot;classic&quot;}\">\n\t\t\t\t\t<div class=\"e-con-inner\">\n\t\t\t\t<div class=\"elementor-element elementor-element-70d0042 elementor-widget elementor-widget-heading\" data-id=\"70d0042\" data-element_type=\"widget\" data-widget_type=\"heading.default\">\n\t\t\t\t<div class=\"elementor-widget-container\">\n\t\t\t\t\t<h2 class=\"elementor-heading-title elementor-size-default\">Allgemeine Gesch\u00e4ftsbedingungen<\/h2>\t\t\t\t<\/div>\n\t\t\t\t<\/div>\n\t\t\t\t<div class=\"elementor-element elementor-element-b904d0a elementor-widget__width-initial elementor-widget elementor-widget-text-editor\" data-id=\"b904d0a\" data-element_type=\"widget\" data-widget_type=\"text-editor.default\">\n\t\t\t\t<div class=\"elementor-widget-container\">\n\t\t\t\t\t\t\t\t\t<p>fu\u0308r die Erbringung von Dienstleistungen von Bayerisches Wissenschaftszentrum fu\u0308r KI und SuperTech, Kloster Speinshart, Speinshart Scientific Center for AI and SuperTech, Klosterhof 2, 92676 Speinshart, E-Mail: info@speinshart.ai (nachfolgend \u201eAuftragnehmer\u201c) gegenu\u0308ber seinen Kunden (nachfolgend \u201eAuftraggeber\u201c)<\/p>\t\t\t\t\t\t\t\t<\/div>\n\t\t\t\t<\/div>\n\t\t\t\t<div class=\"elementor-element elementor-element-9569f25 sp-accordion-variant-white-pink elementor-widget__width-initial elementor-widget elementor-widget-n-accordion\" data-id=\"9569f25\" data-element_type=\"widget\" data-settings=\"{&quot;default_state&quot;:&quot;all_collapsed&quot;,&quot;max_items_expended&quot;:&quot;one&quot;,&quot;n_accordion_animation_duration&quot;:{&quot;unit&quot;:&quot;ms&quot;,&quot;size&quot;:400,&quot;sizes&quot;:[]}}\" data-widget_type=\"nested-accordion.default\">\n\t\t\t\t<div class=\"elementor-widget-container\">\n\t\t\t\t\t\t\t<div class=\"e-n-accordion\" aria-label=\"Accordion. Open links with Enter or Space, close with Escape, and navigate with Arrow Keys\">\n\t\t\t\t\t\t<details id=\"e-n-accordion-item-1560\" class=\"e-n-accordion-item\" >\n\t\t\t\t<summary class=\"e-n-accordion-item-title\" data-accordion-index=\"1\" tabindex=\"0\" aria-expanded=\"false\" aria-controls=\"e-n-accordion-item-1560\" >\n\t\t\t\t\t<span class='e-n-accordion-item-title-header'><div class=\"e-n-accordion-item-title-text\"> 1. Allgemeines <\/div><\/span>\n\t\t\t\t\t\t\t\t\t<\/summary>\n\t\t\t\t<div role=\"region\" aria-labelledby=\"e-n-accordion-item-1560\" class=\"elementor-element elementor-element-0e27511 e-con-full e-flex e-con e-child\" data-id=\"0e27511\" data-element_type=\"container\">\n\t\t\t\t<div class=\"elementor-element elementor-element-2840f36 elementor-widget elementor-widget-text-editor\" data-id=\"2840f36\" data-element_type=\"widget\" data-widget_type=\"text-editor.default\">\n\t\t\t\t<div class=\"elementor-widget-container\">\n\t\t\t\t\t\t\t\t\t<p>1.1 Diese Allgemeinen Gesch\u00e4ftsbedingungen (AGB) fu\u0308r die Erbringung von Dienstleistungen gelten fu\u0308r Vertr\u00e4ge, die zwischen dem Auftraggeber und dem Auftragnehmer unter Einbeziehung dieser AGB geschlossen werden.<\/p><p>1.2 Der Auftragnehmer ist berechtigt, in eigenem Namen und auf eigene Rechnung die erforderlichen Leistungen an Subunternehmer zu vergeben, die ihrerseits ebenfalls Subunternehmer einsetzen du\u0308rfen. Der Auftragnehmer bleibt hierbei alleiniger Vertragspartner des Auftraggebers. Der Einsatz von Subunternehmern erfolgt nicht, wenn fu\u0308r den Auftragnehmer ersichtlich ist, dass deren Einsatz berechtigten Interessen des Auftraggebers zuwiderl\u00e4uft.<\/p><p>1.3 Soweit neben diesen AGB weitere Vertragsdokumente oder andere Gesch\u00e4ftsbedingungen in Text- oder Schriftform Vertragsbestandteil geworden sind, gehen die Regelungen dieser weiteren Vertragsdokumente im Widerspruchsfalle den vorliegenden AGB vor.<\/p><p>1.4 Von diesen Gesch\u00e4ftsbedingungen abweichende AGB, die durch den Auftraggeber verwendet werden, erkennt Auftragnehmer \u2013 vorbehaltlich einer ausdru\u0308cklichen Zustimmung \u2013 nicht an.<\/p>\t\t\t\t\t\t\t\t<\/div>\n\t\t\t\t<\/div>\n\t\t\t\t<\/div>\n\t\t\t\t\t<\/details>\n\t\t\t\t\t\t<details id=\"e-n-accordion-item-1561\" class=\"e-n-accordion-item\" >\n\t\t\t\t<summary class=\"e-n-accordion-item-title\" data-accordion-index=\"2\" tabindex=\"-1\" aria-expanded=\"false\" aria-controls=\"e-n-accordion-item-1561\" >\n\t\t\t\t\t<span class='e-n-accordion-item-title-header'><div class=\"e-n-accordion-item-title-text\"> 2. Vertragsgegenstand und Leistungsumfang <\/div><\/span>\n\t\t\t\t\t\t\t\t\t<\/summary>\n\t\t\t\t<div role=\"region\" aria-labelledby=\"e-n-accordion-item-1561\" class=\"elementor-element elementor-element-3f35343 e-con-full e-flex e-con e-child\" data-id=\"3f35343\" data-element_type=\"container\">\n\t\t\t\t<div class=\"elementor-element elementor-element-6fd64af elementor-widget elementor-widget-text-editor\" data-id=\"6fd64af\" data-element_type=\"widget\" data-widget_type=\"text-editor.default\">\n\t\t\t\t<div class=\"elementor-widget-container\">\n\t\t\t\t\t\t\t\t\t<p>2.1 Der Auftragnehmer erbringt als selbst\u00e4ndiger Unternehmer folgende Leistungen gegenu\u0308ber dem Auftraggeber:<br \/>Seminare, Retreats, Konferenzen, Workshops, Tagungen<\/p><p>2.2 Der spezifische Leistungsumfang ist Gegenstand von Individualvereinbarungen zwischen Auftragnehmer und dem Auftraggeber.<\/p><p>2.3 Der Auftragnehmer erbringt die vertragsgem\u00e4\u00dfen Leistungen mit gr\u00f6\u00dftm\u00f6glicher Sorgfalt und Gewissenhaftigkeit nach dem jeweils neuesten Stand, neuesten Regeln und Erkenntnissen.<\/p><p>2.4 Der Auftragnehmer ist zur Erbringung der vertragsgem\u00e4\u00df geschuldeten Leistungen verpflichtet. Bei der Durchfu\u0308hrung seiner T\u00e4tigkeit ist er jedoch etwaigen Weisungen im Hinblick auf die Art der Erbringung seiner Leistungen, den Ort der Leistungserbringung ebenso wie die Zeit der Leistungserbringung nicht unterworfen. Er wird jedoch bei der Einteilung der T\u00e4tigkeitstage und bei der Zeiteinteilung an diesen Tagen diese selbst in der Weise festlegen, dass eine optimale Effizienz bei seiner T\u00e4tigkeit und bei der Realisierung des Vertragsgegenstandes erzielt wird. Die Leistungserbringung durch den Auftragnehmer erfolgt lediglich in Abstimmung und in Koordination mit dem Auftraggeber.<\/p>\t\t\t\t\t\t\t\t<\/div>\n\t\t\t\t<\/div>\n\t\t\t\t<\/div>\n\t\t\t\t\t<\/details>\n\t\t\t\t\t\t<details id=\"e-n-accordion-item-1562\" class=\"e-n-accordion-item\" >\n\t\t\t\t<summary class=\"e-n-accordion-item-title\" data-accordion-index=\"3\" tabindex=\"-1\" aria-expanded=\"false\" aria-controls=\"e-n-accordion-item-1562\" >\n\t\t\t\t\t<span class='e-n-accordion-item-title-header'><div class=\"e-n-accordion-item-title-text\"> 3. Mitwirkungspflichten des Auftraggebers <\/div><\/span>\n\t\t\t\t\t\t\t\t\t<\/summary>\n\t\t\t\t<div role=\"region\" aria-labelledby=\"e-n-accordion-item-1562\" class=\"elementor-element elementor-element-297136f e-con-full e-flex e-con e-child\" data-id=\"297136f\" data-element_type=\"container\">\n\t\t\t\t<div class=\"elementor-element elementor-element-d37e092 elementor-widget elementor-widget-text-editor\" data-id=\"d37e092\" data-element_type=\"widget\" data-widget_type=\"text-editor.default\">\n\t\t\t\t<div class=\"elementor-widget-container\">\n\t\t\t\t\t\t\t\t\tEs obliegt dem Auftraggeber, die von ihm zum Zwecke der Leistungserfu\u0308llung zur Verfu\u0308gung zu stellenden Informationen, Daten und sonstigen Inhalte vollst\u00e4ndig und korrekt mitzuteilen. Fu\u0308r Verz\u00f6gerungen und Versp\u00e4tungen bei der Leistungserbringung, die durch eine versp\u00e4tete und notwendige Mit- bzw. Zuarbeit des Kunden entstehen, ist der Auftragnehmer gegenu\u0308ber dem Kunden in keinerlei Hinsicht verantwortlich; die Vorschriften unter der \u00dcberschrift \u201eHaftung\/Freistellung\u201c bleiben hiervon unberu\u0308hrt.\t\t\t\t\t\t\t\t<\/div>\n\t\t\t\t<\/div>\n\t\t\t\t<\/div>\n\t\t\t\t\t<\/details>\n\t\t\t\t\t\t<details id=\"e-n-accordion-item-1563\" class=\"e-n-accordion-item\" >\n\t\t\t\t<summary class=\"e-n-accordion-item-title\" data-accordion-index=\"4\" tabindex=\"-1\" aria-expanded=\"false\" aria-controls=\"e-n-accordion-item-1563\" >\n\t\t\t\t\t<span class='e-n-accordion-item-title-header'><div class=\"e-n-accordion-item-title-text\"> 4. Vergu\u0308tung <\/div><\/span>\n\t\t\t\t\t\t\t\t\t<\/summary>\n\t\t\t\t<div role=\"region\" aria-labelledby=\"e-n-accordion-item-1563\" class=\"elementor-element elementor-element-65fc488 e-con-full e-flex e-con e-child\" data-id=\"65fc488\" data-element_type=\"container\">\n\t\t\t\t<div class=\"elementor-element elementor-element-dd098c6 elementor-widget elementor-widget-text-editor\" data-id=\"dd098c6\" data-element_type=\"widget\" data-widget_type=\"text-editor.default\">\n\t\t\t\t<div class=\"elementor-widget-container\">\n\t\t\t\t\t\t\t\t\t<p>4.1 Die Vergu\u0308tung wird individualvertraglich vereinbart.<\/p><p>4.2 Die Vergu\u0308tung ist nach der Leistung der Dienste zu entrichten. Ist die Vergu\u0308tung nach Zeitabschnitten bemessen, so ist sie nach dem Ablauf der einzelnen Zeitabschnitte zu entrichten (\u00a7 614 BGB). Bei aufwandsbezogener Abrechnung ist der Auftragnehmer vorbehaltlich abweichender Vereinbarungen berechtigt, die erbrachte Leistungen monatlich abzurechnen.<\/p><p>4.3 Der Auftragnehmer stellt dem Auftraggeber nach Erbringung der Leistungen eine Rechnung per Post oder per E-Mail (z.B. als PDF). Die Vergu\u0308tung ist innerhalb von 14 Tagen nach Zugang der Rechnung zur Zahlung f\u00e4llig.<\/p>\t\t\t\t\t\t\t\t<\/div>\n\t\t\t\t<\/div>\n\t\t\t\t<\/div>\n\t\t\t\t\t<\/details>\n\t\t\t\t\t\t<details id=\"e-n-accordion-item-1564\" class=\"e-n-accordion-item\" >\n\t\t\t\t<summary class=\"e-n-accordion-item-title\" data-accordion-index=\"5\" tabindex=\"-1\" aria-expanded=\"false\" aria-controls=\"e-n-accordion-item-1564\" >\n\t\t\t\t\t<span class='e-n-accordion-item-title-header'><div class=\"e-n-accordion-item-title-text\"> 5. Haftung \/ Freistellung <\/div><\/span>\n\t\t\t\t\t\t\t\t\t<\/summary>\n\t\t\t\t<div role=\"region\" aria-labelledby=\"e-n-accordion-item-1564\" class=\"elementor-element elementor-element-dedfe3b e-con-full e-flex e-con e-child\" data-id=\"dedfe3b\" data-element_type=\"container\">\n\t\t\t\t<div class=\"elementor-element elementor-element-63408a0 elementor-widget elementor-widget-text-editor\" data-id=\"63408a0\" data-element_type=\"widget\" data-widget_type=\"text-editor.default\">\n\t\t\t\t<div class=\"elementor-widget-container\">\n\t\t\t\t\t\t\t\t\t<p>5.1 Der Auftragnehmer haftet aus jedem Rechtsgrund uneingeschr\u00e4nkt bei Vorsatz oder grober Fahrl\u00e4ssigkeit, bei vors\u00e4tzlicher oder fahrl\u00e4ssiger Verletzung des Lebens, des K\u00f6rpers oder der Gesundheit, aufgrund eines Garantieversprechens, soweit diesbezu\u0308glich nichts anderes geregelt ist oder aufgrund zwingender Haftung. Verletzt der Auftragnehmer fahrl\u00e4ssig eine wesentliche Vertragspflicht, ist die Haftung auf den vertragstypischen, vorhersehbaren Schaden begrenzt, sofern nicht gem\u00e4\u00df vorstehendem Satz unbeschr\u00e4nkt gehaftet wird. Wesentliche Vertragspflichten sind Pflichten, die der Vertrag dem Auftragnehmer nach seinem Inhalt zur Erreichung des Vertragszwecks auferlegt, deren Erfu\u0308llung die ordnungsgem\u00e4\u00dfe Durchfu\u0308hrung des Vertrags u\u0308berhaupt erst erm\u00f6glicht und auf deren Einhaltung der Kunde regelm\u00e4\u00dfig vertrauen darf. Im \u00dcbrigen ist eine Haftung des Auftragnehmers ausgeschlossen. Vorstehende Haftungsregelungen gelten auch im Hinblick auf die Haftung des Auftragnehmers fu\u0308r seine Erfu\u0308llungsgehilfen und gesetzlichen Vertreter.<\/p><p>5.2 Der Auftraggeber stellt den Auftragnehmer von jeglichen Anspru\u0308chen Dritter frei, die gegen den Auftragnehmer aufgrund von Verst\u00f6\u00dfen des Kunden gegen diese Vertragsbedingungen oder gegen geltendes Recht geltend gemacht werden.<\/p>\t\t\t\t\t\t\t\t<\/div>\n\t\t\t\t<\/div>\n\t\t\t\t<\/div>\n\t\t\t\t\t<\/details>\n\t\t\t\t\t\t<details id=\"e-n-accordion-item-1565\" class=\"e-n-accordion-item\" >\n\t\t\t\t<summary class=\"e-n-accordion-item-title\" data-accordion-index=\"6\" tabindex=\"-1\" aria-expanded=\"false\" aria-controls=\"e-n-accordion-item-1565\" >\n\t\t\t\t\t<span class='e-n-accordion-item-title-header'><div class=\"e-n-accordion-item-title-text\"> 6. Vertragsdauer und Ku\u0308ndigung <\/div><\/span>\n\t\t\t\t\t\t\t\t\t<\/summary>\n\t\t\t\t<div role=\"region\" aria-labelledby=\"e-n-accordion-item-1565\" class=\"elementor-element elementor-element-66da807 e-con-full e-flex e-con e-child\" data-id=\"66da807\" data-element_type=\"container\">\n\t\t\t\t<div class=\"elementor-element elementor-element-f61c6a9 elementor-widget elementor-widget-text-editor\" data-id=\"f61c6a9\" data-element_type=\"widget\" data-widget_type=\"text-editor.default\">\n\t\t\t\t<div class=\"elementor-widget-container\">\n\t\t\t\t\t\t\t\t\t<p>6.1 Die Vertragsdauer und die Fristen zur ordentlichen Ku\u0308ndigung vereinbaren die Parteien individuell.<\/p><p>6.2 Das Recht beider Parteien zur fristlosen Ku\u0308ndigung aus wichtigem Grund bleibt unberu\u0308hrt.<\/p><p>6.3 Der Auftragnehmer hat alle ihm u\u0308berlassenen Unterlagen und sonstigen Inhalte nach Vertragsbeendigung unverzu\u0308glich nach Wahl des Kunden zuru\u0308ckzugeben oder zu vernichten. Die Geltendmachung eines Zuru\u0308ckbehaltungsrechts daran ist ausgeschlossen. Elektronische Daten sind vollst\u00e4ndig zu l\u00f6schen. Ausgenommen davon sind Unterlagen und Daten, hinsichtlich derer eine l\u00e4ngere gesetzliche Aufbewahrungspflicht besteht, jedoch nur bis zum Ende der jeweiligen Aufbewahrungsfrist. Der Auftragnehmer hat dem Unternehmen auf dessen Verlangen die L\u00f6schung schriftlich zu best\u00e4tigen.<\/p>\t\t\t\t\t\t\t\t<\/div>\n\t\t\t\t<\/div>\n\t\t\t\t<\/div>\n\t\t\t\t\t<\/details>\n\t\t\t\t\t\t<details id=\"e-n-accordion-item-1566\" class=\"e-n-accordion-item\" >\n\t\t\t\t<summary class=\"e-n-accordion-item-title\" data-accordion-index=\"7\" tabindex=\"-1\" aria-expanded=\"false\" aria-controls=\"e-n-accordion-item-1566\" >\n\t\t\t\t\t<span class='e-n-accordion-item-title-header'><div class=\"e-n-accordion-item-title-text\"> 7. Vertraulichkeit und Datenschutz <\/div><\/span>\n\t\t\t\t\t\t\t\t\t<\/summary>\n\t\t\t\t<div role=\"region\" aria-labelledby=\"e-n-accordion-item-1566\" class=\"elementor-element elementor-element-aaf2ee7 e-con-full e-flex e-con e-child\" data-id=\"aaf2ee7\" data-element_type=\"container\">\n\t\t\t\t<div class=\"elementor-element elementor-element-640ccf6 elementor-widget elementor-widget-text-editor\" data-id=\"640ccf6\" data-element_type=\"widget\" data-widget_type=\"text-editor.default\">\n\t\t\t\t<div class=\"elementor-widget-container\">\n\t\t\t\t\t\t\t\t\t<p>7.1 Der Auftragnehmer wird alle ihm im Zusammenhang mit dem Auftrag zur Kenntnis gelangenden Vorg\u00e4nge streng vertraulich behandeln. Der Auftragnehmer verpflichtet sich, die Geheimhaltungspflicht s\u00e4mtlichen Angestellten und \/ oder Dritten, die Zugang zu den vertragsgegenst\u00e4ndlichen Informationen haben, aufzuerlegen. Die Geheimhaltungspflicht gilt zeitlich unbegrenzt u\u0308ber die Dauer dieses Vertrages hinaus.<\/p><p>7.2 Der Auftragnehmer verpflichtet sich, bei der Durchfu\u0308hrung des Auftrags s\u00e4mtliche datenschutzrechtlichen Vorschriften \u2013 insbesondere die Vorschriften der Datenschutzgrundverordnung und des Bundesdatenschutzgesetzes \u2013 einzuhalten.<\/p>\t\t\t\t\t\t\t\t<\/div>\n\t\t\t\t<\/div>\n\t\t\t\t<\/div>\n\t\t\t\t\t<\/details>\n\t\t\t\t\t\t<details id=\"e-n-accordion-item-1567\" class=\"e-n-accordion-item\" >\n\t\t\t\t<summary class=\"e-n-accordion-item-title\" data-accordion-index=\"8\" tabindex=\"-1\" aria-expanded=\"false\" aria-controls=\"e-n-accordion-item-1567\" >\n\t\t\t\t\t<span class='e-n-accordion-item-title-header'><div class=\"e-n-accordion-item-title-text\"> 8. Schlussbestimmungen <\/div><\/span>\n\t\t\t\t\t\t\t\t\t<\/summary>\n\t\t\t\t<div role=\"region\" aria-labelledby=\"e-n-accordion-item-1567\" class=\"elementor-element elementor-element-50936f9 e-con-full e-flex e-con e-child\" data-id=\"50936f9\" data-element_type=\"container\">\n\t\t\t\t<div class=\"elementor-element elementor-element-fc74c33 elementor-widget elementor-widget-text-editor\" data-id=\"fc74c33\" data-element_type=\"widget\" data-widget_type=\"text-editor.default\">\n\t\t\t\t<div class=\"elementor-widget-container\">\n\t\t\t\t\t\t\t\t\t<p>8.1 Es gilt das Recht der Bundesrepublik Deutschland unter Ausschluss des CISG.<\/p><p>8.2 Sollte eine Bestimmung dieser AGB unwirksam sein oder werden, so wird die Gu\u0308ltigkeit der AGB im \u00dcbrigen hiervon nicht beru\u0308hrt.<\/p><p>8.3 Der Auftraggeber wird den Auftragnehmer bei der Erbringung seiner vertragsgem\u00e4\u00dfen Leistungen durch angemessene Mitwirkungshandlungen, soweit erforderlich, f\u00f6rdern. Der Auftraggeber wird insbesondere dem Auftragnehmer die zur Erfu\u0308llung des Auftrags erforderlichen Informationen und Daten zur Verfu\u0308gung stellen.<\/p><p>8.4 Sofern der Auftraggeber Kaufmann, juristische Person des \u00f6ffentlichen Rechts oder \u00f6ffentlichrechtliches Sonderverm\u00f6gen ist oder keinen allgemeinen Gerichtsstand in Deutschland hat, vereinbaren die Parteien den Sitz des Auftragnehmers als Gerichtsstand fu\u0308r s\u00e4mtliche Streitigkeiten aus diesem Vertragsverh\u00e4ltnis; ausschlie\u00dfliche Gerichtsst\u00e4nde bleiben hiervon unberu\u0308hrt.<\/p><p>8.5 Der Auftragnehmer ist berechtigt, diese AGB aus sachlich gerechtfertigten Gru\u0308nden (z. B. \u00c4nderungen in der Rechtsprechung, Gesetzeslage, Marktgegebenheiten oder der Gesch\u00e4fts- oder Unternehmensstrategie) und unter Einhaltung einer angemessenen Frist zu \u00e4ndern. Bestandskunden werden hieru\u0308ber sp\u00e4testens zwei Wochen vor Inkrafttreten der \u00c4nderung per E-Mail benachrichtigt. Sofern der Bestandskunde nicht innerhalb der in der \u00c4nderungsmitteilung gesetzten Frist widerspricht, gilt seine Zustimmung zur \u00c4nderung als erteilt. Widerspricht er, treten die \u00c4nderungen nicht in Kraft; Auftragnehmer ist in diesem Fall berechtigt, den Vertrag zum Zeitpunkt des Inkrafttretens der \u00c4nderung au\u00dferordentlich zu ku\u0308ndigen. Die Benachrichtigung u\u0308ber die beabsichtigte \u00c4nderung dieser AGB wird auf die Frist und die Folgen des Widerspruchs oder seines Ausbleibens hinweisen.<\/p>\t\t\t\t\t\t\t\t<\/div>\n\t\t\t\t<\/div>\n\t\t\t\t<\/div>\n\t\t\t\t\t<\/details>\n\t\t\t\t\t\t<details id=\"e-n-accordion-item-1568\" class=\"e-n-accordion-item\" >\n\t\t\t\t<summary class=\"e-n-accordion-item-title\" data-accordion-index=\"9\" tabindex=\"-1\" aria-expanded=\"false\" aria-controls=\"e-n-accordion-item-1568\" >\n\t\t\t\t\t<span class='e-n-accordion-item-title-header'><div class=\"e-n-accordion-item-title-text\"> 9. Informationen zur Online-Streitbeilegung \/ Verbraucherschlichtung <\/div><\/span>\n\t\t\t\t\t\t\t\t\t<\/summary>\n\t\t\t\t<div role=\"region\" aria-labelledby=\"e-n-accordion-item-1568\" class=\"elementor-element elementor-element-10d8594 e-con-full e-flex e-con e-child\" data-id=\"10d8594\" data-element_type=\"container\">\n\t\t\t\t<div class=\"elementor-element elementor-element-7b3fd1c elementor-widget elementor-widget-text-editor\" data-id=\"7b3fd1c\" data-element_type=\"widget\" data-widget_type=\"text-editor.default\">\n\t\t\t\t<div class=\"elementor-widget-container\">\n\t\t\t\t\t\t\t\t\t<p>Die EU-Kommission stellt im Internet unter folgendem Link eine Plattform zur Online-Streitbeilegung bereit:<\/p><p><a href=\"https:\/\/ec.europa.eu\/consumers\/odr\">https:\/\/ec.europa.eu\/consumers\/odr<\/a><\/p><p>Diese Plattform dient als Anlaufstelle zur au\u00dfergerichtlichen Beilegung von Streitigkeiten aus Online-Kaufoder Dienstleistungsvertr\u00e4gen, an denen ein Verbraucher beteiligt ist. Der Anbieter ist weder bereit noch verpflichtet, an einem Verbraucherstreitschlichtungsverfahren nach dem VSBG teilzunehmen. Unsere E-Mail-Adresse entnehmen Sie der \u00dcberschrift dieser AGB.<\/p>\t\t\t\t\t\t\t\t<\/div>\n\t\t\t\t<\/div>\n\t\t\t\t<\/div>\n\t\t\t\t\t<\/details>\n\t\t\t\t\t<\/div>\n\t\t\t\t\t\t<\/div>\n\t\t\t\t<\/div>\n\t\t\t\t\t<\/div>\n\t\t\t\t<\/div>\n\t\t\t\t<\/div>","protected":false},"excerpt":{"rendered":"<p>General terms and conditions General Terms and Conditions for the Provision of Services by the Bavarian Scientific Center for AI and SuperTech, Kloster Speinshart, Speinshart Scientific Center for AI and SuperTech, Klosterhof 2, 92676 Speinshart, Email: info@speinshart.ai (hereinafter referred to as the \u201cContractor\u201d) towards its customers (hereinafter referred to as the \u201cClient\u201d) 1. General Provisions [&hellip;]<\/p>","protected":false},"author":1,"featured_media":0,"parent":0,"menu_order":0,"comment_status":"closed","ping_status":"closed","template":"","meta":{"_acf_changed":false,"footnotes":""},"class_list":["post-2329","page","type-page","status-publish","hentry"],"acf":[],"_links":{"self":[{"href":"https:\/\/speinshart.ai\/de\/wp-json\/wp\/v2\/pages\/2329","targetHints":{"allow":["GET"]}}],"collection":[{"href":"https:\/\/speinshart.ai\/de\/wp-json\/wp\/v2\/pages"}],"about":[{"href":"https:\/\/speinshart.ai\/de\/wp-json\/wp\/v2\/types\/page"}],"author":[{"embeddable":true,"href":"https:\/\/speinshart.ai\/de\/wp-json\/wp\/v2\/users\/1"}],"replies":[{"embeddable":true,"href":"https:\/\/speinshart.ai\/de\/wp-json\/wp\/v2\/comments?post=2329"}],"version-history":[{"count":19,"href":"https:\/\/speinshart.ai\/de\/wp-json\/wp\/v2\/pages\/2329\/revisions"}],"predecessor-version":[{"id":3231,"href":"https:\/\/speinshart.ai\/de\/wp-json\/wp\/v2\/pages\/2329\/revisions\/3231"}],"wp:attachment":[{"href":"https:\/\/speinshart.ai\/de\/wp-json\/wp\/v2\/media?parent=2329"}],"curies":[{"name":"wp","href":"https:\/\/api.w.org\/{rel}","templated":true}]}}